{"id":16980,"date":"2018-05-15T12:56:47","date_gmt":"2018-05-15T09:56:47","guid":{"rendered":"https:\/\/becomefit.ro\/en\/?page_id=16980"},"modified":"2018-05-15T12:58:12","modified_gmt":"2018-05-15T09:58:12","slug":"politica-de-confidentialitate","status":"publish","type":"page","link":"https:\/\/becomefit.ro\/en\/politica-de-confidentialitate\/","title":{"rendered":"Politica de confiden\u021bialitate"},"content":{"rendered":"<p>BECOMEFIT SRL in calitate de autor, propietar \u0219i administrator al site-ului web, respect\u0103 caracterul privat \u0219i securitatea prelucr\u0103rii datelor cu caracter personal al fiec\u0103rei persoane care acceseaz\u0103 site-ul web .<\/p>\n<p>&nbsp;<\/p>\n<p>\u00cen conformitate cu dispozi\u021biile Legii nr. 677\/2001 pentru protec\u021bia persoanelor cu privire la prelucrarea datelor cu caracter personal \u0219i libera circula\u021bie a acestor date \u0219i ale Legii nr. 506\/2004 privind prelucrarea datelor cu caracter personal \u0219i protectia vie\u021bii private, BecomeFit are obliga\u021bia de a administra \u00een condi\u021bii de siguran\u021b\u0103 \u0219i numai pentru scopurile prezentate mai jos, datele personale care ne sunt furnizate.<\/p>\n<p>&nbsp;<\/p>\n<p>Societatea noastr\u0103 se oblig\u0103 s\u0103 p\u0103streze confiden\u021bialitatea datelor personale furnizate prin intermediul acestui website, a\u0219a cum prev\u0103d dispozi\u021biile legii 677\/2001 cu modific\u0103rile ulterioare privind protec\u021bia datelor personale.<\/p>\n<p>&nbsp;<\/p>\n<p>\u00cen conformitate cu dispozi\u021biile Legii nr. 677\/2001, persoanele \u00eenregistrate, \u00een caliatate de persoane vizate, au urmatoarele drepturi:<\/p>\n<ul>\n<li>Dreptul la informare (art.12)<\/li>\n<li>Dreptul de acces la date cu caracter personal (art.13);<\/li>\n<li>Dreptul de interventie asupra datelor cu caracter personal (art.14);<\/li>\n<li>Dreptul de opozitie (art.15);<\/li>\n<li>Dreptul de a nu fi supus unei decizii individuale (art.17);<\/li>\n<li>Dreptul de a se adresa justitiei (art.18).<\/li>\n<\/ul>\n<p>&nbsp;<\/p>\n<p>Orice informa\u021bie furnizata de dumneavoastr\u0103 va fi considerat\u0103 \u0219i va reprezenta consim\u021b\u0103m\u00e2ntul dumneavoastr\u0103 expres ca datele dumneavoastr\u0103 personale s\u0103 fie folosite de BecomeFit \u00een conformitate cu scopurile men\u021bionate mai jos.<\/p>\n<p>&nbsp;<\/p>\n<ol>\n<li><strong>Colectarea de informa\u021bii<\/strong><\/li>\n<\/ol>\n<p>Noi colect\u0103m informa\u021bii atunci c\u00e2nd v\u0103 \u00eenregistra\u021bi pe site-ul nostru, v\u0103 loga\u021bi, face\u021bi o achizi\u021bie, v\u0103 inscrie\u021bi la un concurs\/eveniment, \u0219i\/sau atunci c\u00e2nd v\u0103 rezerva\u021bi un loc la o clas\u0103 de aerobic. Informa\u021biile colectate includ numele, adresa de e-mail, num\u0103rul de telefon \u0219i\/sau orice mesaj ne transmite\u021bi prin formularele de pe site.<\/p>\n<p>&nbsp;<\/p>\n<p>\u00cen plus, vom primi \u00een mod automat \u0219i vom \u00eenregistra informa\u021bii de la computer-ul \u0219i browser-ul dumneavoastr\u0103, inclusiv adresa IP, software-ul \u0219i atributele hardware, precum \u0219i pagina solicitat\u0103.<\/p>\n<p>&nbsp;<\/p>\n<ol start=\"2\">\n<li><strong>Scopul colect\u0103rii datelor<\/strong><strong>\u00a0<\/strong><\/li>\n<\/ol>\n<ul>\n<li>oferirea serviciilor solicitate de dumneavoastr\u0103;<\/li>\n<li>pentru a v\u0103 confirma serviciile pe care le-a\u021bi comandat \u00een sistem on-line si a v\u0103 furniza informa\u021bii suplimentare cu privire la acestea;<\/li>\n<li>transmiterii de oferte, mesaje publicitare si de marketing;<\/li>\n<li>pentru activitati specifice departamentului Resurse Umane, \u00een situatia \u00een care sunte\u021bi interesa\u021bi s\u0103 faceti parte din echipa \u0219i a\u021bi trimis un CV, prin intermediul site-ului.<\/li>\n<\/ul>\n<p>&nbsp;<\/p>\n<ol start=\"3\">\n<li><strong>E-Commerce de confiden\u021bialitate<\/strong><\/li>\n<\/ol>\n<p>Noi suntem singurii proprietari ai informa\u021biilor colectate pe acest site. Informa\u021biile dumneavoastr\u0103 personale de identificare nu vor fi v\u00e2ndute, schimbate, transferate sau date oric\u0103rei alte societ\u0103\u021bi, indiferent de motive, f\u0103r\u0103 consim\u021b\u0103m\u00e2ntul t\u0103u, altele dec\u00e2t cele necesare pentru \u00eendeplinirea unei cereri \u0219i\/sau tranzac\u021bie, de exemplu pentru a trimite o comand\u0103.<\/p>\n<p>&nbsp;<\/p>\n<ol start=\"4\">\n<li><strong>Dezv\u0103luirea p\u0103r\u021bilor ter\u021be<\/strong><\/li>\n<\/ol>\n<p>Noi nu vindem, nu negociem sau transfer\u0103m c\u0103tre p\u0103r\u021bi din afar\u0103 informa\u021biile dumneavoastr\u0103 personale identificabile. Acest lucru nu include p\u0103r\u021bile ter\u021be de \u00eencredere, care ne asist\u0103 \u00een operarea site-ului nostru sau \u00een conducerea afacerii, at\u00e2ta timp c\u00e2t p\u0103r\u021bile sunt de acord s\u0103 p\u0103streze confiden\u021bialitatea acestor informa\u021bii.<\/p>\n<p>Noi credem c\u0103 este necesar s\u0103 se fac\u0103 schimb de informa\u021bii, cu scopul de a investiga, preveni sau de a lua m\u0103suri ce privesc activit\u0103\u021bile ilegale, suspiciunea de fraud\u0103, situa\u021biile care implic\u0103 poten\u021biale amenin\u021b\u0103ri la siguran\u021ba fizic\u0103 a oric\u0103rei persoane, \u00eenc\u0103lc\u0103ri ale termenilor de utilizare, sau altfel cerute de lege.<\/p>\n<p>&nbsp;<\/p>\n<ol start=\"5\">\n<li><strong>Protejarea Informa\u021biilor<\/strong><\/li>\n<\/ol>\n<p>Vom pune \u00een aplicare o varietate de m\u0103suri de securitate pentru a men\u021bine siguran\u021ba informa\u021biilor dumneavoastr\u0103 personale. Noi folosim criptarea pentru a proteja informa\u021biile sensibile transmise online. Neby Fitness protejeaz\u0103, de asemenea, informa\u021biile offline. Numai angaja\u021bii care au nevoie s\u0103 efectueze un anumit task (de exemplu, facturare sau serviciu client) beneficiaz\u0103 de acces la informa\u021biile personale de identificare. Calculatoarele\/serverele folosite pentru a stoca informa\u021biile personale de identificare sunt p\u0103strate \u00eentr-un mediu sigur.<\/p>\n<p>&nbsp;<\/p>\n<p><strong>Folosim cookie-uri?<\/strong><\/p>\n<p>Da. Cookie-urile \u00eembun\u0103t\u0103\u021besc accesul la site-ul nostru \u0219i identific\u0103 vizitarea repetat\u0103. Mai mult dec\u00e2t at\u00e2t, cookie-urile noastre sporesc experien\u021ba unui utilizator prin urm\u0103rirea \u0219i direc\u021bionarea \u00een func\u021bie de interesele lui\/ei. Aceast\u0103 utilizare de cookie-uri, cu toate acestea, nu este \u00een nici un fel legat\u0103 de orice informa\u021bie personal\u0103 de identificare de pe site-ul nostru.<\/p>\n<p>&nbsp;<\/p>\n<ol start=\"6\">\n<li><strong>Dezabonare<\/strong><\/li>\n<\/ol>\n<p>Noi folosim adresa de e-mail furnizat\u0103 pentru a v\u0103 trimite informa\u021bii \u0219i actualiz\u0103ri referitoare la comanda, \u0219tiri ocazionale despre activitatea BecomeFit, informa\u021bii legate de orarul claselor de aerobic sau ofertele curente. Dac\u0103 \u00een orice moment dori\u021bi s\u0103 v\u0103 dezabona\u021bi de la primirea email-urilor viitoare, vom include instruc\u021biuni de dezabonare detaliate \u00een partea de jos a fiec\u0103rui e-mail.<\/p>\n<p>&nbsp;<\/p>\n<ol start=\"7\">\n<li><strong>Consim\u021b\u0103m\u00e2ntul<\/strong><\/li>\n<\/ol>\n<p>Prin utilizarea site-ului nostru, sunte\u021bi de acord cu politica noastr\u0103 de confiden\u021bialitate.<\/p>\n<p>&nbsp;<\/p>\n<p>Dac\u0103 dori\u021bi ca datele dumneavoastr\u0103 personale s\u0103 fie actualizate sau scoase din baza de date, ori ave\u021bi \u00eentreb\u0103ri legate de confiden\u021bialitatea datelor, ne puteti contacta \/ notifica oric\u00e2nd utiliz\u00e2nd datele de contact existente pe site.<\/p>\n<p>&nbsp;<\/p>\n<p>Dac\u0103 nu dori\u021bi ca datele dumneavoastr\u0103 s\u0103 fie colectate, va rug\u0103m s\u0103 nu ni le furniza\u021bi.<\/p>\n<p>&nbsp;<\/p>\n","protected":false},"excerpt":{"rendered":"<p>BECOMEFIT SRL in calitate de autor, propietar \u0219i administrator al site-ului web, respect\u0103 caracterul privat \u0219i securitatea prelucr\u0103rii datelor cu caracter personal al fiec\u0103rei persoane care acceseaz\u0103 site-ul web . &nbsp; \u00cen conformitate cu dispozi\u021biile&#8230;<\/p>\n","protected":false},"author":1,"featured_media":0,"parent":0,"menu_order":0,"comment_status":"closed","ping_status":"closed","template":"","meta":[],"yoast_head":"<!-- This site is optimized with the Yoast SEO plugin v21.1 - https:\/\/yoast.com\/wordpress\/plugins\/seo\/ -->\n<title>Politica de confiden\u021bialitate<\/title>\n<meta name=\"robots\" content=\"index, follow, max-snippet:-1, max-image-preview:large, max-video-preview:-1\" \/>\n<link rel=\"canonical\" href=\"https:\/\/becomefit.ro\/en\/politica-de-confidentialitate\/\" \/>\n<meta property=\"og:locale\" content=\"ro_RO\" \/>\n<meta property=\"og:type\" content=\"article\" \/>\n<meta property=\"og:title\" content=\"Politica de confiden\u021bialitate\" \/>\n<meta property=\"og:description\" content=\"BECOMEFIT SRL in calitate de autor, propietar \u0219i administrator al site-ului web, respect\u0103 caracterul privat \u0219i securitatea prelucr\u0103rii datelor cu caracter personal al fiec\u0103rei persoane care acceseaz\u0103 site-ul web . &nbsp; \u00cen conformitate cu dispozi\u021biile...\" \/>\n<meta property=\"og:url\" content=\"https:\/\/becomefit.ro\/en\/politica-de-confidentialitate\/\" \/>\n<meta property=\"og:site_name\" content=\"BecomeFIT\" \/>\n<meta property=\"article:publisher\" content=\"https:\/\/www.facebook.com\/BecomeFitRomania\" \/>\n<meta property=\"article:modified_time\" content=\"2018-05-15T09:58:12+00:00\" \/>\n<meta property=\"og:image\" content=\"https:\/\/becomefit.ro\/en\/wp-content\/uploads\/2014\/05\/becomefit.jpg\" \/>\n\t<meta property=\"og:image:width\" content=\"2821\" \/>\n\t<meta property=\"og:image:height\" content=\"967\" \/>\n\t<meta property=\"og:image:type\" content=\"image\/jpeg\" \/>\n<meta name=\"twitter:label1\" content=\"Timp estimat pentru citire\" \/>\n\t<meta name=\"twitter:data1\" content=\"4 minute\" \/>\n<script type=\"application\/ld+json\" class=\"yoast-schema-graph\">{\"@context\":\"https:\/\/schema.org\",\"@graph\":[{\"@type\":\"WebPage\",\"@id\":\"https:\/\/becomefit.ro\/en\/politica-de-confidentialitate\/\",\"url\":\"https:\/\/becomefit.ro\/en\/politica-de-confidentialitate\/\",\"name\":\"Politica de confiden\u021bialitate\",\"isPartOf\":{\"@id\":\"https:\/\/becomefit.ro\/en\/#website\"},\"datePublished\":\"2018-05-15T09:56:47+00:00\",\"dateModified\":\"2018-05-15T09:58:12+00:00\",\"breadcrumb\":{\"@id\":\"https:\/\/becomefit.ro\/en\/politica-de-confidentialitate\/#breadcrumb\"},\"inLanguage\":\"ro-RO\",\"potentialAction\":[{\"@type\":\"ReadAction\",\"target\":[\"https:\/\/becomefit.ro\/en\/politica-de-confidentialitate\/\"]}]},{\"@type\":\"BreadcrumbList\",\"@id\":\"https:\/\/becomefit.ro\/en\/politica-de-confidentialitate\/#breadcrumb\",\"itemListElement\":[{\"@type\":\"ListItem\",\"position\":1,\"name\":\"Prima pagin\u0103\",\"item\":\"https:\/\/becomefit.ro\/en\/\"},{\"@type\":\"ListItem\",\"position\":2,\"name\":\"Politica de confiden\u021bialitate\"}]},{\"@type\":\"WebSite\",\"@id\":\"https:\/\/becomefit.ro\/en\/#website\",\"url\":\"https:\/\/becomefit.ro\/en\/\",\"name\":\"BecomeFIT\",\"description\":\"program de slabire si tonifiere\",\"publisher\":{\"@id\":\"https:\/\/becomefit.ro\/en\/#organization\"},\"potentialAction\":[{\"@type\":\"SearchAction\",\"target\":{\"@type\":\"EntryPoint\",\"urlTemplate\":\"https:\/\/becomefit.ro\/en\/?s={search_term_string}\"},\"query-input\":\"required name=search_term_string\"}],\"inLanguage\":\"ro-RO\"},{\"@type\":\"Organization\",\"@id\":\"https:\/\/becomefit.ro\/en\/#organization\",\"name\":\"BecomeFIT\",\"url\":\"https:\/\/becomefit.ro\/en\/\",\"logo\":{\"@type\":\"ImageObject\",\"inLanguage\":\"ro-RO\",\"@id\":\"https:\/\/becomefit.ro\/en\/#\/schema\/logo\/image\/\",\"url\":\"https:\/\/becomefit.ro\/en\/wp-content\/uploads\/2016\/08\/logo-bf.png\",\"contentUrl\":\"https:\/\/becomefit.ro\/en\/wp-content\/uploads\/2016\/08\/logo-bf.png\",\"width\":467,\"height\":248,\"caption\":\"BecomeFIT\"},\"image\":{\"@id\":\"https:\/\/becomefit.ro\/en\/#\/schema\/logo\/image\/\"},\"sameAs\":[\"https:\/\/www.facebook.com\/BecomeFitRomania\"]}]}<\/script>\n<!-- \/ Yoast SEO plugin. -->","yoast_head_json":{"title":"Politica de confiden\u021bialitate","robots":{"index":"index","follow":"follow","max-snippet":"max-snippet:-1","max-image-preview":"max-image-preview:large","max-video-preview":"max-video-preview:-1"},"canonical":"https:\/\/becomefit.ro\/en\/politica-de-confidentialitate\/","og_locale":"ro_RO","og_type":"article","og_title":"Politica de confiden\u021bialitate","og_description":"BECOMEFIT SRL in calitate de autor, propietar \u0219i administrator al site-ului web, respect\u0103 caracterul privat \u0219i securitatea prelucr\u0103rii datelor cu caracter personal al fiec\u0103rei persoane care acceseaz\u0103 site-ul web . &nbsp; \u00cen conformitate cu dispozi\u021biile...","og_url":"https:\/\/becomefit.ro\/en\/politica-de-confidentialitate\/","og_site_name":"BecomeFIT","article_publisher":"https:\/\/www.facebook.com\/BecomeFitRomania","article_modified_time":"2018-05-15T09:58:12+00:00","og_image":[{"width":2821,"height":967,"url":"https:\/\/becomefit.ro\/en\/wp-content\/uploads\/2014\/05\/becomefit.jpg","type":"image\/jpeg"}],"twitter_misc":{"Timp estimat pentru citire":"4 minute"},"schema":{"@context":"https:\/\/schema.org","@graph":[{"@type":"WebPage","@id":"https:\/\/becomefit.ro\/en\/politica-de-confidentialitate\/","url":"https:\/\/becomefit.ro\/en\/politica-de-confidentialitate\/","name":"Politica de confiden\u021bialitate","isPartOf":{"@id":"https:\/\/becomefit.ro\/en\/#website"},"datePublished":"2018-05-15T09:56:47+00:00","dateModified":"2018-05-15T09:58:12+00:00","breadcrumb":{"@id":"https:\/\/becomefit.ro\/en\/politica-de-confidentialitate\/#breadcrumb"},"inLanguage":"ro-RO","potentialAction":[{"@type":"ReadAction","target":["https:\/\/becomefit.ro\/en\/politica-de-confidentialitate\/"]}]},{"@type":"BreadcrumbList","@id":"https:\/\/becomefit.ro\/en\/politica-de-confidentialitate\/#breadcrumb","itemListElement":[{"@type":"ListItem","position":1,"name":"Prima pagin\u0103","item":"https:\/\/becomefit.ro\/en\/"},{"@type":"ListItem","position":2,"name":"Politica de confiden\u021bialitate"}]},{"@type":"WebSite","@id":"https:\/\/becomefit.ro\/en\/#website","url":"https:\/\/becomefit.ro\/en\/","name":"BecomeFIT","description":"program de slabire si tonifiere","publisher":{"@id":"https:\/\/becomefit.ro\/en\/#organization"},"potentialAction":[{"@type":"SearchAction","target":{"@type":"EntryPoint","urlTemplate":"https:\/\/becomefit.ro\/en\/?s={search_term_string}"},"query-input":"required name=search_term_string"}],"inLanguage":"ro-RO"},{"@type":"Organization","@id":"https:\/\/becomefit.ro\/en\/#organization","name":"BecomeFIT","url":"https:\/\/becomefit.ro\/en\/","logo":{"@type":"ImageObject","inLanguage":"ro-RO","@id":"https:\/\/becomefit.ro\/en\/#\/schema\/logo\/image\/","url":"https:\/\/becomefit.ro\/en\/wp-content\/uploads\/2016\/08\/logo-bf.png","contentUrl":"https:\/\/becomefit.ro\/en\/wp-content\/uploads\/2016\/08\/logo-bf.png","width":467,"height":248,"caption":"BecomeFIT"},"image":{"@id":"https:\/\/becomefit.ro\/en\/#\/schema\/logo\/image\/"},"sameAs":["https:\/\/www.facebook.com\/BecomeFitRomania"]}]}},"_links":{"self":[{"href":"https:\/\/becomefit.ro\/en\/wp-json\/wp\/v2\/pages\/16980"}],"collection":[{"href":"https:\/\/becomefit.ro\/en\/wp-json\/wp\/v2\/pages"}],"about":[{"href":"https:\/\/becomefit.ro\/en\/wp-json\/wp\/v2\/types\/page"}],"author":[{"embeddable":true,"href":"https:\/\/becomefit.ro\/en\/wp-json\/wp\/v2\/users\/1"}],"replies":[{"embeddable":true,"href":"https:\/\/becomefit.ro\/en\/wp-json\/wp\/v2\/comments?post=16980"}],"version-history":[{"count":3,"href":"https:\/\/becomefit.ro\/en\/wp-json\/wp\/v2\/pages\/16980\/revisions"}],"predecessor-version":[{"id":16983,"href":"https:\/\/becomefit.ro\/en\/wp-json\/wp\/v2\/pages\/16980\/revisions\/16983"}],"wp:attachment":[{"href":"https:\/\/becomefit.ro\/en\/wp-json\/wp\/v2\/media?parent=16980"}],"curies":[{"name":"wp","href":"https:\/\/api.w.org\/{rel}","templated":true}]}}